{"id":22,"date":"2025-12-09T18:44:25","date_gmt":"2025-12-09T18:44:25","guid":{"rendered":"https:\/\/virginiablancopsicologia.com\/?page_id=22"},"modified":"2025-12-10T13:44:08","modified_gmt":"2025-12-10T13:44:08","slug":"terapia-individual","status":"publish","type":"page","link":"https:\/\/virginiablancopsicologia.com\/?page_id=22","title":{"rendered":"Terapia individual"},"content":{"rendered":"\t\t<div data-elementor-type=\"wp-page\" data-elementor-id=\"22\" class=\"elementor elementor-22\">\n\t\t\t\t<div class=\"elementor-element elementor-element-c4a5194 e-con-full e-flex e-con e-parent\" data-id=\"c4a5194\" data-element_type=\"container\" data-settings=\"{&quot;background_background&quot;:&quot;classic&quot;}\">\n\t\t\t\t<div class=\"elementor-element elementor-element-d7cf7fe elementor-widget elementor-widget-spacer\" data-id=\"d7cf7fe\" data-element_type=\"widget\" data-widget_type=\"spacer.default\">\n\t\t\t\t\t\t\t<div class=\"elementor-spacer\">\n\t\t\t<div class=\"elementor-spacer-inner\"><\/div>\n\t\t<\/div>\n\t\t\t\t\t\t<\/div>\n\t\t\t\t<div class=\"elementor-element elementor-element-b9ec4f8 elementor-widget elementor-widget-heading\" data-id=\"b9ec4f8\" data-element_type=\"widget\" data-widget_type=\"heading.default\">\n\t\t\t\t\t<h2 class=\"elementor-heading-title elementor-size-default\">TERAPIA INDIVIDUAL<\/h2>\t\t\t\t<\/div>\n\t\t\t\t<div class=\"elementor-element elementor-element-dc4cd03 elementor-widget elementor-widget-heading\" data-id=\"dc4cd03\" data-element_type=\"widget\" data-widget_type=\"heading.default\">\n\t\t\t\t\t<h3 class=\"elementor-heading-title elementor-size-default\">Un espacio para ti<\/h3>\t\t\t\t<\/div>\n\t\t\t\t<div class=\"elementor-element elementor-element-609b140 elementor-widget elementor-widget-image\" data-id=\"609b140\" data-element_type=\"widget\" data-widget_type=\"image.default\">\n\t\t\t\t\t\t\t\t\t\t\t\t\t\t\t<img fetchpriority=\"high\" decoding=\"async\" width=\"1024\" height=\"1024\" src=\"https:\/\/virginiablancopsicologia.com\/wp-content\/uploads\/2025\/12\/Gemini_Generated_Image_64xwmb64xwmb64xw.png\" class=\"attachment-large size-large wp-image-119\" alt=\"\" srcset=\"https:\/\/virginiablancopsicologia.com\/wp-content\/uploads\/2025\/12\/Gemini_Generated_Image_64xwmb64xwmb64xw.png 1024w, https:\/\/virginiablancopsicologia.com\/wp-content\/uploads\/2025\/12\/Gemini_Generated_Image_64xwmb64xwmb64xw-300x300.png 300w, https:\/\/virginiablancopsicologia.com\/wp-content\/uploads\/2025\/12\/Gemini_Generated_Image_64xwmb64xwmb64xw-150x150.png 150w, https:\/\/virginiablancopsicologia.com\/wp-content\/uploads\/2025\/12\/Gemini_Generated_Image_64xwmb64xwmb64xw-768x768.png 768w\" sizes=\"(max-width: 1024px) 100vw, 1024px\" \/>\t\t\t\t\t\t\t\t\t\t\t\t\t\t\t<\/div>\n\t\t\t\t<div class=\"elementor-element elementor-element-ad942e1 elementor-widget elementor-widget-text-editor\" data-id=\"ad942e1\" data-element_type=\"widget\" data-widget_type=\"text-editor.default\">\n\t\t\t\t\t\t\t\t\t<p data-start=\"310\" data-end=\"599\">La terapia individual es un espacio seguro donde podr\u00e1s detenerte, escucharte y comprender lo que est\u00e1s viviendo. A veces, atravesamos momentos en los que nos sentimos desbordados, no entendemos qu\u00e9 nos pasa o nos sentimos desconectados de nosotros mismos. Yo estoy aqu\u00ed para acompa\u00f1arte en el proceso.<\/p><h3 data-start=\"601\" data-end=\"634\"><em><strong data-start=\"605\" data-end=\"634\">\u00bfEn qu\u00e9 podemos trabajar?<\/strong><\/em><\/h3><p data-start=\"635\" data-end=\"909\">\ud83d\udc9c Ansiedad o estr\u00e9s<\/p><p data-start=\"635\" data-end=\"909\">\ud83d\udc9c Fobias<\/p><p data-start=\"635\" data-end=\"909\">\ud83d\udc9c Estado de \u00e1nimo bajo<\/p><p data-start=\"635\" data-end=\"909\">\ud83d\udc9c Problemas de sue\u00f1o<\/p><p data-start=\"635\" data-end=\"909\">\ud83d\udc9c Autoconocimiento<\/p><p data-start=\"635\" data-end=\"909\">\ud83d\udc9c Asertividad<\/p><p data-start=\"635\" data-end=\"909\">\ud83d\udc9c Problemas familiares<\/p><p data-start=\"635\" data-end=\"909\">\ud83d\udc9c Dependencia emocional<\/p><p data-start=\"635\" data-end=\"909\">\ud83d\udc9c Relaciones y v\u00ednculos afectivos<\/p><p data-start=\"635\" data-end=\"909\">\ud83d\udc9c Baja autoestima o inseguridad<\/p><p data-start=\"635\" data-end=\"909\">\ud83d\udc9c Insatisfacci\u00f3n corporal<\/p><p data-start=\"635\" data-end=\"909\">\ud83d\udc9c Situaciones de duelo, ruptura o transici\u00f3n<\/p><p data-start=\"635\" data-end=\"909\">\ud83d\udc9c Sensaci\u00f3n de bloqueo o desconexi\u00f3n emocional<\/p>\t\t\t\t\t\t\t\t<\/div>\n\t\t\t\t<div class=\"elementor-element elementor-element-d9cb8b8 elementor-widget elementor-widget-spacer\" data-id=\"d9cb8b8\" data-element_type=\"widget\" data-widget_type=\"spacer.default\">\n\t\t\t\t\t\t\t<div class=\"elementor-spacer\">\n\t\t\t<div class=\"elementor-spacer-inner\"><\/div>\n\t\t<\/div>\n\t\t\t\t\t\t<\/div>\n\t\t\t\t<\/div>\n\t\t<div class=\"elementor-element elementor-element-ce412d1 e-flex e-con-boxed e-con e-parent\" data-id=\"ce412d1\" data-element_type=\"container\" data-settings=\"{&quot;background_background&quot;:&quot;classic&quot;}\">\n\t\t\t\t\t<div class=\"e-con-inner\">\n\t\t<div class=\"elementor-element elementor-element-6b8de0c e-con-full e-flex e-con e-child\" data-id=\"6b8de0c\" data-element_type=\"container\" data-settings=\"{&quot;background_background&quot;:&quot;classic&quot;}\">\n\t\t\t\t<div class=\"elementor-element elementor-element-ed1a9dc elementor-widget elementor-widget-image\" data-id=\"ed1a9dc\" data-element_type=\"widget\" data-widget_type=\"image.default\">\n\t\t\t\t\t\t\t\t\t\t\t\t\t\t\t<img decoding=\"async\" width=\"768\" height=\"960\" src=\"https:\/\/virginiablancopsicologia.com\/wp-content\/uploads\/2025\/11\/LogoCompletoSimplificado-768x960.png\" class=\"attachment-medium_large size-medium_large wp-image-43\" alt=\"\" srcset=\"https:\/\/virginiablancopsicologia.com\/wp-content\/uploads\/2025\/11\/LogoCompletoSimplificado-768x960.png 768w, https:\/\/virginiablancopsicologia.com\/wp-content\/uploads\/2025\/11\/LogoCompletoSimplificado-240x300.png 240w, https:\/\/virginiablancopsicologia.com\/wp-content\/uploads\/2025\/11\/LogoCompletoSimplificado-819x1024.png 819w, https:\/\/virginiablancopsicologia.com\/wp-content\/uploads\/2025\/11\/LogoCompletoSimplificado-1229x1536.png 1229w, https:\/\/virginiablancopsicologia.com\/wp-content\/uploads\/2025\/11\/LogoCompletoSimplificado-1638x2048.png 1638w, https:\/\/virginiablancopsicologia.com\/wp-content\/uploads\/2025\/11\/LogoCompletoSimplificado-scaled.png 2048w\" sizes=\"(max-width: 768px) 100vw, 768px\" \/>\t\t\t\t\t\t\t\t\t\t\t\t\t\t\t<\/div>\n\t\t\t\t<\/div>\n\t\t<div class=\"elementor-element elementor-element-563fe7f e-con-full e-flex e-con e-child\" data-id=\"563fe7f\" data-element_type=\"container\">\n\t\t\t\t<div class=\"elementor-element elementor-element-c61b7ee elementor-widget elementor-widget-heading\" data-id=\"c61b7ee\" data-element_type=\"widget\" data-widget_type=\"heading.default\">\n\t\t\t\t\t<h2 class=\"elementor-heading-title elementor-size-default\">Mi enfoque<\/h2>\t\t\t\t<\/div>\n\t\t\t\t<div class=\"elementor-element elementor-element-e32c9c4 elementor-widget elementor-widget-text-editor\" data-id=\"e32c9c4\" data-element_type=\"widget\" data-widget_type=\"text-editor.default\">\n\t\t\t\t\t\t\t\t\t<p data-start=\"244\" data-end=\"537\">Trabajo desde una <strong data-start=\"262\" data-end=\"285\">terapia integradora<\/strong>, lo que significa que <strong data-start=\"308\" data-end=\"339\">combino diferentes enfoques (terapia cognitivo-conductual, Terapia de aceptaci\u00f3n y compromiso, etc.)<\/strong>\u00a0en funci\u00f3n de tus necesidades y tu momento vital.<\/p><p data-start=\"539\" data-end=\"572\">Mi forma de acompa\u00f1ar se basa en:<\/p><p data-start=\"574\" data-end=\"812\">\ud83d\udc9c <strong data-start=\"577\" data-end=\"607\">Escucha activa y presencia<\/strong><\/p><p data-start=\"574\" data-end=\"812\">\ud83d\udc9c <strong data-start=\"613\" data-end=\"649\">Validaci\u00f3n emocional sin juicio<\/strong><\/p><p data-start=\"574\" data-end=\"812\">\ud83d\udc9c <strong data-start=\"655\" data-end=\"693\">Respeto por tu historia y tu ritmo<\/strong><\/p><p data-start=\"574\" data-end=\"812\">\ud83d\udc9c <strong data-start=\"699\" data-end=\"751\">Construcci\u00f3n conjunta de herramientas y recursos<\/strong><\/p><p data-start=\"574\" data-end=\"812\">\ud83d\udc9c <strong data-start=\"757\" data-end=\"812\">Acompa\u00f1amiento afectivo y profesional en el proceso<\/strong><\/p>\t\t\t\t\t\t\t\t<\/div>\n\t\t\t\t<\/div>\n\t\t\t\t\t<\/div>\n\t\t\t\t<\/div>\n\t\t<div class=\"elementor-element elementor-element-c97c75e e-flex e-con-boxed e-con e-parent\" data-id=\"c97c75e\" data-element_type=\"container\" data-settings=\"{&quot;background_background&quot;:&quot;classic&quot;}\">\n\t\t\t\t\t<div class=\"e-con-inner\">\n\t\t\t\t<div class=\"elementor-element elementor-element-c5d7904 elementor-widget elementor-widget-heading\" data-id=\"c5d7904\" data-element_type=\"widget\" data-widget_type=\"heading.default\">\n\t\t\t\t\t<h2 class=\"elementor-heading-title elementor-size-default\">\u00bfRecorremos el camino juntas\/os?<\/h2>\t\t\t\t<\/div>\n\t\t\t\t\t<\/div>\n\t\t\t\t<\/div>\n\t\t<div class=\"elementor-element elementor-element-1431a25 e-flex e-con-boxed e-con e-parent\" data-id=\"1431a25\" data-element_type=\"container\" data-settings=\"{&quot;background_background&quot;:&quot;classic&quot;}\">\n\t\t\t\t\t<div class=\"e-con-inner\">\n\t\t<div class=\"elementor-element elementor-element-7aef35e e-con-full e-flex e-con e-child\" data-id=\"7aef35e\" data-element_type=\"container\" data-settings=\"{&quot;background_background&quot;:&quot;classic&quot;}\">\n\t\t<div class=\"elementor-element elementor-element-b998422 e-con-full e-flex e-con e-child\" data-id=\"b998422\" data-element_type=\"container\" data-settings=\"{&quot;background_background&quot;:&quot;classic&quot;}\">\n\t\t<div class=\"elementor-element elementor-element-6b95a94 e-flex e-con-boxed e-con e-child\" data-id=\"6b95a94\" data-element_type=\"container\" data-settings=\"{&quot;background_background&quot;:&quot;classic&quot;}\">\n\t\t\t\t\t<div class=\"e-con-inner\">\n\t\t\t\t<div class=\"elementor-element elementor-element-603f346 elementor-view-default elementor-widget elementor-widget-icon\" data-id=\"603f346\" data-element_type=\"widget\" data-widget_type=\"icon.default\">\n\t\t\t\t\t\t\t<div class=\"elementor-icon-wrapper\">\n\t\t\t<a class=\"elementor-icon\" href=\"mailto:virginiablanco.psicologia@gmail.com\" target=\"_blank\">\n\t\t\t<svg aria-hidden=\"true\" class=\"e-font-icon-svg e-far-envelope\" viewBox=\"0 0 512 512\" xmlns=\"http:\/\/www.w3.org\/2000\/svg\"><path d=\"M464 64H48C21.49 64 0 85.49 0 112v288c0 26.51 21.49 48 48 48h416c26.51 0 48-21.49 48-48V112c0-26.51-21.49-48-48-48zm0 48v40.805c-22.422 18.259-58.168 46.651-134.587 106.49-16.841 13.247-50.201 45.072-73.413 44.701-23.208.375-56.579-31.459-73.413-44.701C106.18 199.465 70.425 171.067 48 152.805V112h416zM48 400V214.398c22.914 18.251 55.409 43.862 104.938 82.646 21.857 17.205 60.134 55.186 103.062 54.955 42.717.231 80.509-37.199 103.053-54.947 49.528-38.783 82.032-64.401 104.947-82.653V400H48z\"><\/path><\/svg>\t\t\t<\/a>\n\t\t<\/div>\n\t\t\t\t\t\t<\/div>\n\t\t\t\t<div class=\"elementor-element elementor-element-54c2713 elementor-view-default elementor-widget elementor-widget-icon\" data-id=\"54c2713\" data-element_type=\"widget\" data-widget_type=\"icon.default\">\n\t\t\t\t\t\t\t<div class=\"elementor-icon-wrapper\">\n\t\t\t<a class=\"elementor-icon\" href=\"https:\/\/wa.me\/34624072528\">\n\t\t\t<svg aria-hidden=\"true\" class=\"e-font-icon-svg e-fab-whatsapp\" viewBox=\"0 0 448 512\" xmlns=\"http:\/\/www.w3.org\/2000\/svg\"><path d=\"M380.9 97.1C339 55.1 283.2 32 223.9 32c-122.4 0-222 99.6-222 222 0 39.1 10.2 77.3 29.6 111L0 480l117.7-30.9c32.4 17.7 68.9 27 106.1 27h.1c122.3 0 224.1-99.6 224.1-222 0-59.3-25.2-115-67.1-157zm-157 341.6c-33.2 0-65.7-8.9-94-25.7l-6.7-4-69.8 18.3L72 359.2l-4.4-7c-18.5-29.4-28.2-63.3-28.2-98.2 0-101.7 82.8-184.5 184.6-184.5 49.3 0 95.6 19.2 130.4 54.1 34.8 34.9 56.2 81.2 56.1 130.5 0 101.8-84.9 184.6-186.6 184.6zm101.2-138.2c-5.5-2.8-32.8-16.2-37.9-18-5.1-1.9-8.8-2.8-12.5 2.8-3.7 5.6-14.3 18-17.6 21.8-3.2 3.7-6.5 4.2-12 1.4-32.6-16.3-54-29.1-75.5-66-5.7-9.8 5.7-9.1 16.3-30.3 1.8-3.7.9-6.9-.5-9.7-1.4-2.8-12.5-30.1-17.1-41.2-4.5-10.8-9.1-9.3-12.5-9.5-3.2-.2-6.9-.2-10.6-.2-3.7 0-9.7 1.4-14.8 6.9-5.1 5.6-19.4 19-19.4 46.3 0 27.3 19.9 53.7 22.6 57.4 2.8 3.7 39.1 59.7 94.8 83.8 35.2 15.2 49 16.5 66.6 13.9 10.7-1.6 32.8-13.4 37.4-26.4 4.6-13 4.6-24.1 3.2-26.4-1.3-2.5-5-3.9-10.5-6.6z\"><\/path><\/svg>\t\t\t<\/a>\n\t\t<\/div>\n\t\t\t\t\t\t<\/div>\n\t\t\t\t\t<\/div>\n\t\t\t\t<\/div>\n\t\t\t\t<\/div>\n\t\t\t\t<\/div>\n\t\t\t\t\t<\/div>\n\t\t\t\t<\/div>\n\t\t<div class=\"elementor-element elementor-element-0375d28 e-flex e-con-boxed e-con e-parent\" data-id=\"0375d28\" data-element_type=\"container\" data-settings=\"{&quot;background_background&quot;:&quot;classic&quot;}\">\n\t\t\t\t\t<div class=\"e-con-inner\">\n\t\t<div class=\"elementor-element elementor-element-5c878bd e-con-full e-flex e-con e-child\" data-id=\"5c878bd\" data-element_type=\"container\" data-settings=\"{&quot;background_background&quot;:&quot;classic&quot;}\">\n\t\t<div class=\"elementor-element elementor-element-128631b e-con-full e-flex e-con e-child\" data-id=\"128631b\" data-element_type=\"container\" data-settings=\"{&quot;background_background&quot;:&quot;classic&quot;,&quot;shape_divider_bottom&quot;:&quot;wave-brush&quot;}\">\n\t\t\t\t<div class=\"elementor-shape elementor-shape-bottom\" aria-hidden=\"true\" data-negative=\"false\">\n\t\t\t<svg xmlns=\"http:\/\/www.w3.org\/2000\/svg\" viewBox=\"0 0 283.5 27.8\" preserveAspectRatio=\"none\">\n\t<path class=\"elementor-shape-fill\" d=\"M283.5,9.7c0,0-7.3,4.3-14,4.6c-6.8,0.3-12.6,0-20.9-1.5c-11.3-2-33.1-10.1-44.7-5.7\ts-12.1,4.6-18,7.4c-6.6,3.2-20,9.6-36.6,9.3C131.6,23.5,99.5,7.2,86.3,8c-1.4,0.1-6.6,0.8-10.5,2c-3.8,1.2-9.4,3.8-17,4.7\tc-3.2,0.4-8.3,1.1-14.2,0.9c-1.5-0.1-6.3-0.4-12-1.6c-5.7-1.2-11-3.1-15.8-3.7C6.5,9.2,0,10.8,0,10.8V0h283.5V9.7z M260.8,11.3\tc-0.7-1-2-0.4-4.3-0.4c-2.3,0-6.1-1.2-5.8-1.1c0.3,0.1,3.1,1.5,6,1.9C259.7,12.2,261.4,12.3,260.8,11.3z M242.4,8.6\tc0,0-2.4-0.2-5.6-0.9c-3.2-0.8-10.3-2.8-15.1-3.5c-8.2-1.1-15.8,0-15.1,0.1c0.8,0.1,9.6-0.6,17.6,1.1c3.3,0.7,9.3,2.2,12.4,2.7\tC239.9,8.7,242.4,8.6,242.4,8.6z M185.2,8.5c1.7-0.7-13.3,4.7-18.5,6.1c-2.1,0.6-6.2,1.6-10,2c-3.9,0.4-8.9,0.4-8.8,0.5\tc0,0.2,5.8,0.8,11.2,0c5.4-0.8,5.2-1.1,7.6-1.6C170.5,14.7,183.5,9.2,185.2,8.5z M199.1,6.9c0.2,0-0.8-0.4-4.8,1.1\tc-4,1.5-6.7,3.5-6.9,3.7c-0.2,0.1,3.5-1.8,6.6-3C197,7.5,199,6.9,199.1,6.9z M283,6c-0.1,0.1-1.9,1.1-4.8,2.5s-6.9,2.8-6.7,2.7\tc0.2,0,3.5-0.6,7.4-2.5C282.8,6.8,283.1,5.9,283,6z M31.3,11.6c0.1-0.2-1.9-0.2-4.5-1.2s-5.4-1.6-7.8-2C15,7.6,7.3,8.5,7.7,8.6\tC8,8.7,15.9,8.3,20.2,9.3c2.2,0.5,2.4,0.5,5.7,1.6S31.2,11.9,31.3,11.6z M73,9.2c0.4-0.1,3.5-1.6,8.4-2.6c4.9-1.1,8.9-0.5,8.9-0.8\tc0-0.3-1-0.9-6.2-0.3S72.6,9.3,73,9.2z M71.6,6.7C71.8,6.8,75,5.4,77.3,5c2.3-0.3,1.9-0.5,1.9-0.6c0-0.1-1.1-0.2-2.7,0.2\tC74.8,5.1,71.4,6.6,71.6,6.7z M93.6,4.4c0.1,0.2,3.5,0.8,5.6,1.8c2.1,1,1.8,0.6,1.9,0.5c0.1-0.1-0.8-0.8-2.4-1.3\tC97.1,4.8,93.5,4.2,93.6,4.4z M65.4,11.1c-0.1,0.3,0.3,0.5,1.9-0.2s2.6-1.3,2.2-1.2s-0.9,0.4-2.5,0.8C65.3,10.9,65.5,10.8,65.4,11.1\tz M34.5,12.4c-0.2,0,2.1,0.8,3.3,0.9c1.2,0.1,2,0.1,2-0.2c0-0.3-0.1-0.5-1.6-0.4C36.6,12.8,34.7,12.4,34.5,12.4z M152.2,21.1\tc-0.1,0.1-2.4-0.3-7.5-0.3c-5,0-13.6-2.4-17.2-3.5c-3.6-1.1,10,3.9,16.5,4.1C150.5,21.6,152.3,21,152.2,21.1z\"\/>\n\t<path class=\"elementor-shape-fill\" d=\"M269.6,18c-0.1-0.1-4.6,0.3-7.2,0c-7.3-0.7-17-3.2-16.6-2.9c0.4,0.3,13.7,3.1,17,3.3\tC267.7,18.8,269.7,18,269.6,18z\"\/>\n\t<path class=\"elementor-shape-fill\" d=\"M227.4,9.8c-0.2-0.1-4.5-1-9.5-1.2c-5-0.2-12.7,0.6-12.3,0.5c0.3-0.1,5.9-1.8,13.3-1.2\tS227.6,9.9,227.4,9.8z\"\/>\n\t<path class=\"elementor-shape-fill\" d=\"M204.5,13.4c-0.1-0.1,2-1,3.2-1.1c1.2-0.1,2,0,2,0.3c0,0.3-0.1,0.5-1.6,0.4\tC206.4,12.9,204.6,13.5,204.5,13.4z\"\/>\n\t<path class=\"elementor-shape-fill\" d=\"M201,10.6c0-0.1-4.4,1.2-6.3,2.2c-1.9,0.9-6.2,3.1-6.1,3.1c0.1,0.1,4.2-1.6,6.3-2.6\tS201,10.7,201,10.6z\"\/>\n\t<path class=\"elementor-shape-fill\" d=\"M154.5,26.7c-0.1-0.1-4.6,0.3-7.2,0c-7.3-0.7-17-3.2-16.6-2.9c0.4,0.3,13.7,3.1,17,3.3\tC152.6,27.5,154.6,26.8,154.5,26.7z\"\/>\n\t<path class=\"elementor-shape-fill\" d=\"M41.9,19.3c0,0,1.2-0.3,2.9-0.1c1.7,0.2,5.8,0.9,8.2,0.7c4.2-0.4,7.4-2.7,7-2.6\tc-0.4,0-4.3,2.2-8.6,1.9c-1.8-0.1-5.1-0.5-6.7-0.4S41.9,19.3,41.9,19.3z\"\/>\n\t<path class=\"elementor-shape-fill\" d=\"M75.5,12.6c0.2,0.1,2-0.8,4.3-1.1c2.3-0.2,2.1-0.3,2.1-0.5c0-0.1-1.8-0.4-3.4,0\tC76.9,11.5,75.3,12.5,75.5,12.6z\"\/>\n\t<path class=\"elementor-shape-fill\" d=\"M15.6,13.2c0-0.1,4.3,0,6.7,0.5c2.4,0.5,5,1.9,5,2c0,0.1-2.7-0.8-5.1-1.4\tC19.9,13.7,15.7,13.3,15.6,13.2z\"\/>\n<\/svg>\t\t<\/div>\n\t\t\t\t<div class=\"elementor-element elementor-element-4a583e3 elementor-widget elementor-widget-heading\" data-id=\"4a583e3\" data-element_type=\"widget\" data-widget_type=\"heading.default\">\n\t\t\t\t\t<h5 class=\"elementor-heading-title elementor-size-default\"><a href=\"https:\/\/virginiablancopsicologia.com\/?page_id=75\">Aviso legal<\/a><\/h5>\t\t\t\t<\/div>\n\t\t\t\t<div class=\"elementor-element elementor-element-413af0f elementor-widget elementor-widget-heading\" data-id=\"413af0f\" data-element_type=\"widget\" data-widget_type=\"heading.default\">\n\t\t\t\t\t<h5 class=\"elementor-heading-title elementor-size-default\"><a href=\"https:\/\/virginiablancopsicologia.com\/?page_id=80\">Pol\u00edtica de de cookies<\/a><\/h5>\t\t\t\t<\/div>\n\t\t\t\t<div class=\"elementor-element elementor-element-19e82f1 elementor-widget elementor-widget-heading\" data-id=\"19e82f1\" data-element_type=\"widget\" data-widget_type=\"heading.default\">\n\t\t\t\t\t<h5 class=\"elementor-heading-title elementor-size-default\"><a href=\"https:\/\/virginiablancopsicologia.com\/?page_id=85\">Pol\u00edtica de privacidad<\/a><\/h5>\t\t\t\t<\/div>\n\t\t\t\t<\/div>\n\t\t\t\t<\/div>\n\t\t\t\t\t<\/div>\n\t\t\t\t<\/div>\n\t\t\t\t<\/div>\n\t\t","protected":false},"excerpt":{"rendered":"<p>TERAPIA INDIVIDUAL Un espacio para ti La terapia individual es un espacio seguro donde podr\u00e1s detenerte, escucharte y comprender lo que est\u00e1s viviendo. A veces, atravesamos momentos en los que nos sentimos desbordados, no entendemos qu\u00e9 nos pasa o nos sentimos desconectados de nosotros mismos. Yo estoy aqu\u00ed para acompa\u00f1arte en el proceso. \u00bfEn qu\u00e9 [&hellip;]<\/p>\n","protected":false},"author":1,"featured_media":0,"parent":0,"menu_order":0,"comment_status":"closed","ping_status":"closed","template":"elementor_canvas","meta":{"footnotes":""},"class_list":["post-22","page","type-page","status-publish","hentry"],"_links":{"self":[{"href":"https:\/\/virginiablancopsicologia.com\/index.php?rest_route=\/wp\/v2\/pages\/22","targetHints":{"allow":["GET"]}}],"collection":[{"href":"https:\/\/virginiablancopsicologia.com\/index.php?rest_route=\/wp\/v2\/pages"}],"about":[{"href":"https:\/\/virginiablancopsicologia.com\/index.php?rest_route=\/wp\/v2\/types\/page"}],"author":[{"embeddable":true,"href":"https:\/\/virginiablancopsicologia.com\/index.php?rest_route=\/wp\/v2\/users\/1"}],"replies":[{"embeddable":true,"href":"https:\/\/virginiablancopsicologia.com\/index.php?rest_route=%2Fwp%2Fv2%2Fcomments&post=22"}],"version-history":[{"count":15,"href":"https:\/\/virginiablancopsicologia.com\/index.php?rest_route=\/wp\/v2\/pages\/22\/revisions"}],"predecessor-version":[{"id":183,"href":"https:\/\/virginiablancopsicologia.com\/index.php?rest_route=\/wp\/v2\/pages\/22\/revisions\/183"}],"wp:attachment":[{"href":"https:\/\/virginiablancopsicologia.com\/index.php?rest_route=%2Fwp%2Fv2%2Fmedia&parent=22"}],"curies":[{"name":"wp","href":"https:\/\/api.w.org\/{rel}","templated":true}]}}