{"id":75,"date":"2025-12-09T18:35:34","date_gmt":"2025-12-09T18:35:34","guid":{"rendered":"https:\/\/virginiablancopsicologia.com\/?page_id=75"},"modified":"2025-12-09T18:35:34","modified_gmt":"2025-12-09T18:35:34","slug":"aviso-legal","status":"publish","type":"page","link":"https:\/\/virginiablancopsicologia.com\/?page_id=75","title":{"rendered":"Aviso legal"},"content":{"rendered":"\t\t<div data-elementor-type=\"wp-page\" data-elementor-id=\"75\" class=\"elementor elementor-75\">\n\t\t\t\t<div class=\"elementor-element elementor-element-cb32cde e-flex e-con-boxed e-con e-parent\" data-id=\"cb32cde\" data-element_type=\"container\">\n\t\t\t\t\t<div class=\"e-con-inner\">\n\t\t\t\t<div class=\"elementor-element elementor-element-0ba0f99 elementor-widget elementor-widget-image\" data-id=\"0ba0f99\" data-element_type=\"widget\" data-widget_type=\"image.default\">\n\t\t\t\t\t\t\t\t\t\t\t\t\t\t\t<img decoding=\"async\" width=\"150\" height=\"150\" src=\"https:\/\/virginiablancopsicologia.com\/wp-content\/uploads\/2025\/11\/logo-color-150x150.png\" class=\"attachment-thumbnail size-thumbnail wp-image-63\" alt=\"\" \/>\t\t\t\t\t\t\t\t\t\t\t\t\t\t\t<\/div>\n\t\t\t\t\t<\/div>\n\t\t\t\t<\/div>\n\t\t<div class=\"elementor-element elementor-element-b0f01fa e-flex e-con-boxed e-con e-parent\" data-id=\"b0f01fa\" data-element_type=\"container\" data-settings=\"{&quot;background_background&quot;:&quot;classic&quot;}\">\n\t\t\t\t\t<div class=\"e-con-inner\">\n\t\t<div class=\"elementor-element elementor-element-bc36552 e-con-full e-flex e-con e-child\" data-id=\"bc36552\" data-element_type=\"container\">\n\t\t\t\t<div class=\"elementor-element elementor-element-c14faf3 elementor-widget elementor-widget-spacer\" data-id=\"c14faf3\" data-element_type=\"widget\" data-widget_type=\"spacer.default\">\n\t\t\t\t\t\t\t<div class=\"elementor-spacer\">\n\t\t\t<div class=\"elementor-spacer-inner\"><\/div>\n\t\t<\/div>\n\t\t\t\t\t\t<\/div>\n\t\t\t\t<div class=\"elementor-element elementor-element-9b98c8a elementor-widget elementor-widget-heading\" data-id=\"9b98c8a\" data-element_type=\"widget\" data-widget_type=\"heading.default\">\n\t\t\t\t\t<h2 class=\"elementor-heading-title elementor-size-default\">Aviso legal<\/h2>\t\t\t\t<\/div>\n\t\t\t\t<div class=\"elementor-element elementor-element-53ec502 elementor-widget elementor-widget-text-editor\" data-id=\"53ec502\" data-element_type=\"widget\" data-widget_type=\"text-editor.default\">\n\t\t\t\t\t\t\t\t\t<p>De acuerdo con la exigencia establecida en art\u00edculo 10 de la Ley 34\/2002, del 11 de julio, de Servicios de la Sociedad de la Informaci\u00f3n y del Comercio Electr\u00f3nico, se cumple con la obligaci\u00f3n de informar a todos los usuarios e interesados que la responsabilidad y titularidad del dominio web www.virginiablancopsicologia.com, as\u00ed como las redes sociales y el sitio web asociadas, en lo adelante el \u201csitio web\u201d le pertenecen a Virginia Blanco Cazorla, en lo adelante \u201cEL ADMINISTRADOR\u201d, n\u00famero de DNI 54002308X, con domicilio a estos efectos en Alcal\u00e1 de Henares, c\u00f3digo postal 28805, y cuyo correo electr\u00f3nico de contacto es virginiablanco.psicologia@gmail.com\u00a0<\/p><p><b>USUARIOS<\/b><\/p><p>Se entender\u00e1 por usuario a toda aquella persona que navegue por el sitio web, accediendo a cualquiera de sus p\u00e1ginas o secciones, bastando con el simple acceso y\/o uso de este sitio web, aceptando desde dicho acceso y\/o uso, los<span class=\"Apple-converted-space\">\u00a0 <\/span>t\u00e9rminos y condiciones aqu\u00ed reflejados.<\/p><p><b>USO DEL SITIO WEB<\/b><\/p><p>Toda la informaci\u00f3n gr\u00e1fica, textual, de multimedia, fotograf\u00edas, im\u00e1genes, videos, o cualquier otro formato de archivo digital que se encuentran en el sitio web, entendidos de aqu\u00ed en adelante como \u201clos contenidos\u201d, le pertenecen a EL ADMINISTRADOR y est\u00e1 protegido por las leyes de derecho de autor a nivel nacional e internacional.<\/p><p>El usuario asume la responsabilidad del uso del sitio web, no pudiendo emplearlos para:<\/p><ol><li>Realizar actividades il\u00edcitas, ilegales o contrarias a la moral, buenas costumbres, buena fe y al orden p\u00fablico;<\/li><li>Realizar comentarios o difundir contenidos o propaganda de car\u00e1cter racista, xen\u00f3fobo, pornogr\u00e1fico, de apolog\u00eda del terrorismo, que atente contra los derechos humanos o civiles en general;<span class=\"Apple-converted-space\">\u00a0<\/span><\/li><li>Provocar da\u00f1os en la persona f\u00edsica, intelectual o moral de EL ADMINISTRADOR, de sus proveedores o de terceras personas;<span class=\"Apple-converted-space\">\u00a0<\/span><\/li><li>Introducir o difundir en la red virus inform\u00e1ticos o cualesquiera otros sistemas f\u00edsicos o l\u00f3gicos que sean susceptibles de provocar los da\u00f1os anteriormente mencionados;<span class=\"Apple-converted-space\">\u00a0<\/span><\/li><li>Intentar acceder y\/o utilizar las cuentas de correo electr\u00f3nico de otros usuarios y modificarlos o manipular sus mensajes.<\/li><\/ol><p>EL ADMINISTRADOR se reserva el derecho de retirar todos aquellos comentarios que vulneren el respeto a la dignidad de la persona, que sean discriminatorios, xen\u00f3fobos, racistas, pornogr\u00e1ficos, que atenten contra la juventud o la infancia, el orden o la seguridad p\u00fablica o que, a su juicio, no resultaran adecuados para su publicaci\u00f3n. En cualquier caso, EL ADMINISTRADOR no ser\u00e1 responsable de las opiniones dadas por los usuarios en cualquier herramienta de opini\u00f3n que contenga el sitio web.<\/p><p><b>PROPIEDAD INTELECTUAL<\/b><\/p><p>EL ADMINISTRADOR es la titular de todos los derechos de propiedad intelectual e industrial del sitio web, as\u00ed como de los elementos contenidos en la misma, los cuales, a t\u00edtulo enunciativo, pero no limitativo, son: im\u00e1genes, sonido, fotograf\u00edas, audio, v\u00eddeo, software, textos, marcas, logotipos, combinaciones de colores, estructura,<span class=\"Apple-converted-space\">\u00a0 <\/span>dise\u00f1o, selecci\u00f3n de materiales usados, programas necesarios para su funcionamiento, acceso y uso, quedando expresamente prohibida la reproducci\u00f3n, distribuci\u00f3n y comunicaci\u00f3n p\u00fablica, incluida su modalidad de puesta a disposici\u00f3n, de la totalidad o parte de los contenidos del sitio web, en cualquier soporte y por cualquier medio t\u00e9cnico, con o sin fines comerciales sin la autorizaci\u00f3n de EL ADMINISTRADOR.<span class=\"Apple-converted-space\">\u00a0<\/span><\/p><p>El usuario se compromete a respetar los derechos de autor titularidad de EL ADMINISTRADOR, podr\u00e1 en consecuencia visualizar, imprimir, almacenar en un dispositivo electr\u00f3nico o virtual, pero \u00fanica y exclusivamente para su uso personal y privado, no pudiendo en ning\u00fan momento distribuirlos, reproducirlos, onerosa o gratuitamente, a terceros, ni realizar transformaci\u00f3n alguna de los mismos. En todo caso, deber\u00e1 siempre hacer menci\u00f3n a la autor\u00eda de EL ADMINISTRADOR y al sitio web cuando decida compartir en cualquier red social alguno de los contenidos, no pudiendo en ning\u00fan momento modificar, total o parcialmente, cualquiera de los contenidos.<\/p><p><b>EXCLUSI\u00d3N DE GARANT\u00cdAS Y RESPONSABILIDAD<\/b><\/p><p>EL ADMINISTRADOR ha adoptado todas las medidas tecnol\u00f3gicas, necesarias en el sitio web, para evitar da\u00f1os y perjuicios de cualquier naturaleza que pudieran ocasionar, a t\u00edtulo enunciativo: errores u omisiones en los contenidos, falta de disponibilidad del sitio web o la transmisi\u00f3n de virus o programas maliciosos o lesivos en los contenidos o en los datos de los usuarios, y no se hace responsable si en alg\u00fan momento una de estas medidas falla como consecuencia de un uso indebido y\/o abusivo por parte de un tercero.<span class=\"Apple-converted-space\">\u00a0<\/span><\/p><p>El usuario deber\u00e1 en todo momento abstenerse de suprimir, alterar, eludir o manipular cualquier dispositivo de protecci\u00f3n o sistema de seguridad que estuviera instalado en el sitio web.<\/p><p><b>MODIFICACIONES<\/b><\/p><p>EL ADMINISTRADOR se reserva el derecho de efectuar, sin previo aviso, las modificaciones que considere oportunas en el sitio web, pudiendo cambiar, suprimir o a\u00f1adir tanto los contenidos y servicios que se presten a trav\u00e9s de la misma, como la forma en la que \u00e9stos aparezcan presentados o localizados, as\u00ed como el dise\u00f1o y estructura del mismo.<\/p><p><b>ENLACES<\/b><\/p><p>EL ADMINISTRADOR no tiene control alguno sobre los enlaces y\/o contenidos externos que puedan existir en el sitio web, por lo que no se hace responsable por los mismos, ni garantizar\u00e1 la disponibilidad t\u00e9cnica, calidad, fiabilidad, exactitud, amplitud, veracidad o validez de cualquier material o informaci\u00f3n all\u00ed contenida, y no ser\u00e1n entendidos estos enlaces externos como una posible asociaci\u00f3n, fusi\u00f3n, colaboraci\u00f3n o participaci\u00f3n con el titular y\/o responsable del dominio web al cual est\u00e9n asociados.<\/p><p><b>DERECHO DE EXCLUSI\u00d3N<\/b><\/p><p>EL ADMINISTRADOR se reserva el derecho a denegar o retirar el acceso al sitio web y\/o los servicios ofrecidos sin necesidad de preaviso, a instancia propia o de un tercero, a aquellos usuarios que incumplan los presentes t\u00e9rminos y condiciones.<\/p><p><b>MODIFICACI\u00d3N DEL PRESENTE AVISO LEGAL Y DURACI\u00d3N<\/b><\/p><p>EL ADMINISTRADOR podr\u00e1 modificar, en cualquier momento, las pol\u00edticas y los t\u00e9rminos y condiciones aqu\u00ed expuestos, sin previo aviso y estar\u00e1n vigentes mientras se encuentren debidamente publicadas.<\/p><p><b>ACCIONES LEGALES<\/b><\/p><p>EL ADMINISTRADOR puede, en cualquier momento, ejercer acciones legales de car\u00e1cter civil o penal, contra cualquier persona que realice un uso indebido del contenido expuesto en el sitio web, o por incumplir con estos t\u00e9rminos y condiciones. Se aplicar\u00e1 en todo momento la<span class=\"Apple-converted-space\">\u00a0 <\/span>legislaci\u00f3n del territorio espa\u00f1ol y en caso de alg\u00fan conflicto, las partes se someter\u00e1n a la jurisdicci\u00f3n de Alcal\u00e1 de Henares, Espa\u00f1a, por ser el domicilio de la titular del sitio web.<\/p>\t\t\t\t\t\t\t\t<\/div>\n\t\t\t\t<\/div>\n\t\t\t\t\t<\/div>\n\t\t\t\t<\/div>\n\t\t\t\t<\/div>\n\t\t","protected":false},"excerpt":{"rendered":"<p>Aviso legal De acuerdo con la exigencia establecida en art\u00edculo 10 de la Ley 34\/2002, del 11 de julio, de Servicios de la Sociedad de la Informaci\u00f3n y del Comercio Electr\u00f3nico, se cumple con la obligaci\u00f3n de informar a todos los usuarios e interesados que la responsabilidad y titularidad del dominio web www.virginiablancopsicologia.com, as\u00ed como [&hellip;]<\/p>\n","protected":false},"author":1,"featured_media":0,"parent":0,"menu_order":0,"comment_status":"closed","ping_status":"closed","template":"elementor_canvas","meta":{"footnotes":""},"class_list":["post-75","page","type-page","status-publish","hentry"],"_links":{"self":[{"href":"https:\/\/virginiablancopsicologia.com\/index.php?rest_route=\/wp\/v2\/pages\/75","targetHints":{"allow":["GET"]}}],"collection":[{"href":"https:\/\/virginiablancopsicologia.com\/index.php?rest_route=\/wp\/v2\/pages"}],"about":[{"href":"https:\/\/virginiablancopsicologia.com\/index.php?rest_route=\/wp\/v2\/types\/page"}],"author":[{"embeddable":true,"href":"https:\/\/virginiablancopsicologia.com\/index.php?rest_route=\/wp\/v2\/users\/1"}],"replies":[{"embeddable":true,"href":"https:\/\/virginiablancopsicologia.com\/index.php?rest_route=%2Fwp%2Fv2%2Fcomments&post=75"}],"version-history":[{"count":5,"href":"https:\/\/virginiablancopsicologia.com\/index.php?rest_route=\/wp\/v2\/pages\/75\/revisions"}],"predecessor-version":[{"id":123,"href":"https:\/\/virginiablancopsicologia.com\/index.php?rest_route=\/wp\/v2\/pages\/75\/revisions\/123"}],"wp:attachment":[{"href":"https:\/\/virginiablancopsicologia.com\/index.php?rest_route=%2Fwp%2Fv2%2Fmedia&parent=75"}],"curies":[{"name":"wp","href":"https:\/\/api.w.org\/{rel}","templated":true}]}}