{"id":80,"date":"2025-12-09T18:35:54","date_gmt":"2025-12-09T18:35:54","guid":{"rendered":"https:\/\/virginiablancopsicologia.com\/?page_id=80"},"modified":"2025-12-09T18:35:54","modified_gmt":"2025-12-09T18:35:54","slug":"proteccion-de-cookies","status":"publish","type":"page","link":"https:\/\/virginiablancopsicologia.com\/?page_id=80","title":{"rendered":"Protecci\u00f3n de cookies"},"content":{"rendered":"\t\t<div data-elementor-type=\"wp-page\" data-elementor-id=\"80\" class=\"elementor elementor-80\">\n\t\t\t\t<div class=\"elementor-element elementor-element-a8d76a4 e-flex e-con-boxed e-con e-parent\" data-id=\"a8d76a4\" data-element_type=\"container\">\n\t\t\t\t\t<div class=\"e-con-inner\">\n\t\t<div class=\"elementor-element elementor-element-807ec92 e-con-full e-flex e-con e-child\" data-id=\"807ec92\" data-element_type=\"container\">\n\t\t\t\t<div class=\"elementor-element elementor-element-4a9fe1d elementor-widget elementor-widget-image\" data-id=\"4a9fe1d\" data-element_type=\"widget\" data-widget_type=\"image.default\">\n\t\t\t\t\t\t\t\t\t\t\t\t\t\t\t<img decoding=\"async\" width=\"150\" height=\"150\" src=\"https:\/\/virginiablancopsicologia.com\/wp-content\/uploads\/2025\/11\/logo-color-150x150.png\" class=\"attachment-thumbnail size-thumbnail wp-image-63\" alt=\"\" \/>\t\t\t\t\t\t\t\t\t\t\t\t\t\t\t<\/div>\n\t\t\t\t<\/div>\n\t\t\t\t\t<\/div>\n\t\t\t\t<\/div>\n\t\t<div class=\"elementor-element elementor-element-6430370 e-con-full e-flex e-con e-parent\" data-id=\"6430370\" data-element_type=\"container\">\n\t\t<div class=\"elementor-element elementor-element-fcda96e e-con-full e-flex e-con e-child\" data-id=\"fcda96e\" data-element_type=\"container\" data-settings=\"{&quot;background_background&quot;:&quot;classic&quot;}\">\n\t\t<div class=\"elementor-element elementor-element-5236391 e-con-full e-flex e-con e-child\" data-id=\"5236391\" data-element_type=\"container\">\n\t\t\t\t<div class=\"elementor-element elementor-element-d1aa262 elementor-widget elementor-widget-spacer\" data-id=\"d1aa262\" data-element_type=\"widget\" data-widget_type=\"spacer.default\">\n\t\t\t\t\t\t\t<div class=\"elementor-spacer\">\n\t\t\t<div class=\"elementor-spacer-inner\"><\/div>\n\t\t<\/div>\n\t\t\t\t\t\t<\/div>\n\t\t\t\t<div class=\"elementor-element elementor-element-e4403fd elementor-widget elementor-widget-heading\" data-id=\"e4403fd\" data-element_type=\"widget\" data-widget_type=\"heading.default\">\n\t\t\t\t\t<h2 class=\"elementor-heading-title elementor-size-default\">Pol\u00edtica de cookies<\/h2>\t\t\t\t<\/div>\n\t\t\t\t<div class=\"elementor-element elementor-element-dbcccf1 elementor-widget elementor-widget-text-editor\" data-id=\"dbcccf1\" data-element_type=\"widget\" data-widget_type=\"text-editor.default\">\n\t\t\t\t\t\t\t\t\t<p><b>Consideraciones previas<\/b><\/p><p>Se entender\u00e1 por usuario toda persona que navegue en el sitio web <a href=\"https:\/\/www.virginiablancopsicologia.es\/\">www.<\/a>virginiablancopiscologia.com, en lo adelante, simplemente el sitio web.<span class=\"Apple-converted-space\">\u00a0<\/span><\/p><p>Se entender\u00e1 por editora la due\u00f1a del sitio web, quien es Virginia Blanco Cazorla, identificado en el aviso legal.<\/p><p>La navegaci\u00f3n del usuario en el sitio web, es manifestaci\u00f3n de su aceptaci\u00f3n y autorizaci\u00f3n para el uso de las cookies en su navegador. Si en alg\u00fan momento desea revocar esta autorizaci\u00f3n, podr\u00e1 hacerlo sin obst\u00e1culo alguno. Para ello puede visualizar la secci\u00f3n <b>Desactivaci\u00f3n o eliminaci\u00f3n de cookies, <\/b>que se encuentra descrita en estas pol\u00edticas.\u00a0<\/p><p>La editora est\u00e1 en total libertad de realizar los cambios que considere pertinentes en el sitio web. Para ello podr\u00e1 a\u00f1adir apartados, funcionalidades o cualquier elemento que quiz\u00e1s pueda generar el uso de nuevas cookies, por lo que se aconseja al usuario que verifique las presentes pol\u00edticas de cookies cada vez que acceda al sitio web, para que pueda mantenerse actualizado por cualquier cambio que se pueda haber dado desde la \u00faltima visita realizada.<span class=\"Apple-converted-space\">\u00a0<\/span><\/p><p><b>Definici\u00f3n y funci\u00f3n de las cookies<\/b><\/p><p>Las cookies son informaciones que se almacenan en el navegador del usuario de un sitio web para poder consultar la actividad previa que ha tenido, as\u00ed como recordar ciertos datos para una pr\u00f3xima visita. Su uso es generalizado y as\u00ed ha sido desde hace muchos a\u00f1os.<span class=\"Apple-converted-space\">\u00a0<\/span><\/p><p>Suelen almacenar datos de car\u00e1cter t\u00e9cnico, estad\u00edsticas de uso, enlaces a redes sociales, administraci\u00f3n de preferencias personales, entre otras funciones, con el fin de poder adaptar el sitio web a las necesidades y configuraciones del usuario, mejorando as\u00ed la experiencia de la navegaci\u00f3n, el no aceptarlas podr\u00eda entorpecer el servicio que el sitio web desea ofrecer.<span class=\"Apple-converted-space\">\u00a0<\/span><\/p><p>No son archivos de virus, spam, troyanos, gusanos, spyware, ni programaci\u00f3n publicitaria ya sea est\u00e1tica en la p\u00e1gina o en formato de ventana emergente (pop-up).<span class=\"Apple-converted-space\">\u00a0<\/span><\/p><p>Para mayor informaci\u00f3n, desactivaci\u00f3n de las cookies o eliminarlas puede ver estos enlaces:<\/p><ul><li>Firefox desde aqu\u00ed:\u00a0<a href=\"https:\/\/support.mozilla.org\/es\/kb\/Borrar%20cookies\" target=\"_blank\" rel=\"noopener\">https:\/\/support.mozilla.org\/es\/kb\/Borrar%20cookies<\/a><\/li><li>Chrome desde aqu\u00ed:\u00a0<a href=\"https:\/\/support.google.com\/chrome\/answer\/95582\" target=\"_blank\" rel=\"noopener\">https:\/\/support.google.com\/chrome\/answer\/95582<\/a><\/li><li>Explorer desde aqu\u00ed:\u00a0<a href=\"http:\/\/windows.microsoft.com\/es-es\/windows7\/how-to-manage-cookies-in-internet-explorer-9\" target=\"_blank\" rel=\"noopener\">http:\/\/windows.microsoft.com\/es-es\/windows7\/how-to-manage-cookies-in-internet-explorer-9<\/a><\/li><li>Safari desde aqu\u00ed:\u00a0<a href=\"http:\/\/support.apple.com\/kb\/ph5042\" target=\"_blank\" rel=\"noopener\">http:\/\/support.apple.com\/kb\/ph5042<\/a><\/li><li>Opera desde aqu\u00ed:\u00a0<a href=\"http:\/\/help.opera.com\/Windows\/11.50\/es-ES\/cookies.html\" target=\"_blank\" rel=\"noopener\">http:\/\/help.opera.com\/Windows\/11.50\/es-ES\/cookies.html<\/a><\/li><\/ul><p><b>Cookies utilizadas en este sitio web<\/b><b><\/b><\/p><p>Cumpliendo con la normativa establecida por la Agencia Espa\u00f1ola de Protecci\u00f3n de Datos, se hace saber al usuario que este sitio web hace uso de las siguientes cookies: t\u00e9cnicas, de personalizaci\u00f3n, de an\u00e1lisis, publicitarias y de publicidad comportamental <i>(agregar solamente si las tienes)<\/i> de la siguiente forma:<span class=\"Apple-converted-space\">\u00a0<\/span><\/p><ol><li>Propias:<span class=\"Apple-converted-space\">\u00a0<\/span><ol><li>Cookies de sesi\u00f3n o entrada del usuario: relacionadas con su actividad dentro del sitio web, estas cookies son utilizadas para poder registrar lo que ha rellenado en los formularios, o resoluci\u00f3n de test para determinar la humanidad del usuario, con el fin de evitar spam o aplicaciones automatizadas no autorizadas.\u00a0<\/li><li>Cookies de seguridad del usuario: con el fin de evitar intentos err\u00f3neos de conexi\u00f3n al sitio web<span class=\"Apple-converted-space\">\u00a0<\/span><\/li><li>Cookies de personalizaci\u00f3n de la interfaz de usuario<\/li><li>Cookies de complemento (plug-in) para intercambiar contenidos sociales<\/li><\/ol><\/li><\/ol><ol start=\"2\"><li style=\"list-style-type: none;\"><ol start=\"2\"><li>Redes sociales: Este sitio web est\u00e1 conectado con algunas redes sociales como Instagram, \u00a0que se indica expresamente en el sitio web, con en fin de poder compartir u opinar sobre el contenido del sitio web, siendo cada red social que se indique en el sitio web, la responsable de las cookies instaladas en el navegador del usuario.<\/li><\/ol><\/li><\/ol><p><b>Desactivaci\u00f3n o eliminaci\u00f3n de cookies<\/b><\/p><p>En cualquier momento el usuario podr\u00e1 ejercer su derecho a negarse a las cookies y podr\u00e1 en consecuencia desactivarlas o eliminarlas. Para ello deber\u00e1 seguir las instrucciones seg\u00fan el navegador que est\u00e9 utilizando para navegar en el sitio web:<\/p><ul><li>Firefox desde aqu\u00ed:\u00a0<a href=\"https:\/\/support.mozilla.org\/es\/kb\/Borrar%20cookies\" target=\"_blank\" rel=\"noopener\">https:\/\/support.mozilla.org\/es\/kb\/Borrar%20cookies<\/a><\/li><li>Chrome desde aqu\u00ed:\u00a0<a href=\"https:\/\/support.google.com\/chrome\/answer\/95582\" target=\"_blank\" rel=\"noopener\">https:\/\/support.google.com\/chrome\/answer\/95582<\/a><\/li><li>Explorer desde aqu\u00ed:\u00a0<a href=\"http:\/\/windows.microsoft.com\/es-es\/windows7\/how-to-manage-cookies-in-internet-explorer-9\" target=\"_blank\" rel=\"noopener\">http:\/\/windows.microsoft.com\/es-es\/windows7\/how-to-manage-cookies-in-internet-explorer-9<\/a><\/li><li>Safari desde aqu\u00ed:\u00a0<a href=\"http:\/\/support.apple.com\/kb\/ph5042\" target=\"_blank\" rel=\"noopener\">http:\/\/support.apple.com\/kb\/ph5042<\/a><\/li><li>Opera desde aqu\u00ed:\u00a0<a href=\"http:\/\/help.opera.com\/Windows\/11.50\/es-ES\/cookies.html\" target=\"_blank\" rel=\"noopener\">http:\/\/help.opera.com\/Windows\/11.50\/es-ES\/cookies.html<\/a><\/li><\/ul><p><b>Avisos relacionados con las cookies<span class=\"Apple-converted-space\">\u00a0<\/span><\/b><\/p><p>La editora no se hace responsable por los fallos t\u00e9cnicos que el usuario pueda encontrar en el sitio web o en su navegador por manipular de manera err\u00f3nea la desactivaci\u00f3n o eliminaci\u00f3n de las cookies, en todo momento deber\u00e1 el usuario verificar la informaci\u00f3n sobre su desactivaci\u00f3n o eliminaci\u00f3n en la secci\u00f3n de ayuda del navegador que le corresponda. El usuario asume la responsabilidad de eliminar o desactivar las cookies en su navegador y en por ende, asume las consecuencias que se deriven de esto. (aqu\u00ed puedes agregar un enlace ancla a la secci\u00f3n 2 donde se indican las consecuencias)<\/p><p>La editora en ning\u00fan momento es quien crea las cookies, estos archivos vienen preconfigurados en el propio navegador del usuario, plugin utilizados, as\u00ed como las herramientas de edici\u00f3n necesarias y utilizadas para la creaci\u00f3n del sitio web.<\/p><p>Si el usuario ha eliminado las cookies, y desea navegar nuevamente en este sitio web, deber\u00e1 aceptar una vez m\u00e1s las cookies.<\/p><p>En todo momento el usuario podr\u00e1 comunicarse con EL ADMINISTRADOR a trav\u00e9s del correo electr\u00f3nico virginiablanco.psicologia@gmail.com.<\/p>\t\t\t\t\t\t\t\t<\/div>\n\t\t\t\t<\/div>\n\t\t\t\t<\/div>\n\t\t\t\t<\/div>\n\t\t\t\t<\/div>\n\t\t","protected":false},"excerpt":{"rendered":"<p>Pol\u00edtica de cookies Consideraciones previas Se entender\u00e1 por usuario toda persona que navegue en el sitio web www.virginiablancopiscologia.com, en lo adelante, simplemente el sitio web. Se entender\u00e1 por editora la due\u00f1a del sitio web, quien es Virginia Blanco Cazorla, identificado en el aviso legal. La navegaci\u00f3n del usuario en el sitio web, es manifestaci\u00f3n de [&hellip;]<\/p>\n","protected":false},"author":1,"featured_media":0,"parent":0,"menu_order":0,"comment_status":"closed","ping_status":"closed","template":"elementor_canvas","meta":{"footnotes":""},"class_list":["post-80","page","type-page","status-publish","hentry"],"_links":{"self":[{"href":"https:\/\/virginiablancopsicologia.com\/index.php?rest_route=\/wp\/v2\/pages\/80","targetHints":{"allow":["GET"]}}],"collection":[{"href":"https:\/\/virginiablancopsicologia.com\/index.php?rest_route=\/wp\/v2\/pages"}],"about":[{"href":"https:\/\/virginiablancopsicologia.com\/index.php?rest_route=\/wp\/v2\/types\/page"}],"author":[{"embeddable":true,"href":"https:\/\/virginiablancopsicologia.com\/index.php?rest_route=\/wp\/v2\/users\/1"}],"replies":[{"embeddable":true,"href":"https:\/\/virginiablancopsicologia.com\/index.php?rest_route=%2Fwp%2Fv2%2Fcomments&post=80"}],"version-history":[{"count":5,"href":"https:\/\/virginiablancopsicologia.com\/index.php?rest_route=\/wp\/v2\/pages\/80\/revisions"}],"predecessor-version":[{"id":125,"href":"https:\/\/virginiablancopsicologia.com\/index.php?rest_route=\/wp\/v2\/pages\/80\/revisions\/125"}],"wp:attachment":[{"href":"https:\/\/virginiablancopsicologia.com\/index.php?rest_route=%2Fwp%2Fv2%2Fmedia&parent=80"}],"curies":[{"name":"wp","href":"https:\/\/api.w.org\/{rel}","templated":true}]}}