{"id":85,"date":"2025-12-09T18:35:47","date_gmt":"2025-12-09T18:35:47","guid":{"rendered":"https:\/\/virginiablancopsicologia.com\/?page_id=85"},"modified":"2025-12-09T18:35:47","modified_gmt":"2025-12-09T18:35:47","slug":"politica-de-privacidad","status":"publish","type":"page","link":"https:\/\/virginiablancopsicologia.com\/?page_id=85","title":{"rendered":"Pol\u00edtica de privacidad"},"content":{"rendered":"\t\t<div data-elementor-type=\"wp-page\" data-elementor-id=\"85\" class=\"elementor elementor-85\">\n\t\t\t\t<div class=\"elementor-element elementor-element-20d996f e-flex e-con-boxed e-con e-parent\" data-id=\"20d996f\" data-element_type=\"container\">\n\t\t\t\t\t<div class=\"e-con-inner\">\n\t\t<div class=\"elementor-element elementor-element-84ada0e e-con-full e-flex e-con e-child\" data-id=\"84ada0e\" data-element_type=\"container\">\n\t\t\t\t<div class=\"elementor-element elementor-element-c1a34e7 elementor-widget elementor-widget-image\" data-id=\"c1a34e7\" data-element_type=\"widget\" data-widget_type=\"image.default\">\n\t\t\t\t\t\t\t\t\t\t\t\t\t\t\t<img decoding=\"async\" width=\"150\" height=\"150\" src=\"https:\/\/virginiablancopsicologia.com\/wp-content\/uploads\/2025\/11\/logo-color-150x150.png\" class=\"attachment-thumbnail size-thumbnail wp-image-63\" alt=\"\" \/>\t\t\t\t\t\t\t\t\t\t\t\t\t\t\t<\/div>\n\t\t\t\t<\/div>\n\t\t\t\t\t<\/div>\n\t\t\t\t<\/div>\n\t\t<div class=\"elementor-element elementor-element-33f31e2 e-con-full e-flex e-con e-parent\" data-id=\"33f31e2\" data-element_type=\"container\">\n\t\t<div class=\"elementor-element elementor-element-e607702 e-con-full e-flex e-con e-child\" data-id=\"e607702\" data-element_type=\"container\" data-settings=\"{&quot;background_background&quot;:&quot;classic&quot;}\">\n\t\t<div class=\"elementor-element elementor-element-7f26f77 e-con-full e-flex e-con e-child\" data-id=\"7f26f77\" data-element_type=\"container\">\n\t\t\t\t<div class=\"elementor-element elementor-element-abc9547 elementor-widget elementor-widget-spacer\" data-id=\"abc9547\" data-element_type=\"widget\" data-widget_type=\"spacer.default\">\n\t\t\t\t\t\t\t<div class=\"elementor-spacer\">\n\t\t\t<div class=\"elementor-spacer-inner\"><\/div>\n\t\t<\/div>\n\t\t\t\t\t\t<\/div>\n\t\t\t\t<div class=\"elementor-element elementor-element-70cf48f elementor-widget elementor-widget-heading\" data-id=\"70cf48f\" data-element_type=\"widget\" data-widget_type=\"heading.default\">\n\t\t\t\t\t<h2 class=\"elementor-heading-title elementor-size-default\">Pol\u00edtica de privacidad<\/h2>\t\t\t\t<\/div>\n\t\t\t\t<div class=\"elementor-element elementor-element-c66dfe4 elementor-widget elementor-widget-text-editor\" data-id=\"c66dfe4\" data-element_type=\"widget\" data-widget_type=\"text-editor.default\">\n\t\t\t\t\t\t\t\t\t<p>EL ADMINISTRADOR en todo momento velar\u00e1 que el uso que se le da al sitio web, a los contenidos, y al tratamiento de los datos personales del usuario, se realicen de la forma m\u00e1s correcta. Para ello, el usuario siempre podr\u00e1 ejercer sus derechos de acceso, rectificaci\u00f3n, cancelaci\u00f3n u oposici\u00f3n, todo ello en fiel cumplimiento de las directrices de la Ley Org\u00e1nica 15\/1999, de 13 de diciembre, de Protecci\u00f3n de Datos de Car\u00e1cter Personal, pudiendo el usuario comunicarse con EL ADMINISTRADOR al correo electr\u00f3nico virginiablanco.psicologia@gmail.com. Para poder verificar la exactitud de los datos, junto a cada formulario de recabo de datos de car\u00e1cter personal, o en los servicios en los cuales sea necesario el correo electr\u00f3nico de contacto del usuario, se har\u00e1 saber de la existencia y aceptaci\u00f3n de las condiciones particulares del tratamiento de sus datos, informando de la responsabilidad del fichero creado, la direcci\u00f3n del responsable, y la forma de ejercer sus derechos, mencionados adem\u00e1s en el p\u00e1rrafo anterior de estos t\u00e9rminos y condiciones. En ning\u00fan momento EL ADMINISTRADOR compartir\u00e1 con terceros el fichero que posee.<\/p><p>Asimismo, acatando lo dispuesto en la Ley 34\/2002, de 11 de julio, de Servicios de la Sociedad de la Informaci\u00f3n y el Comercio Electr\u00f3nico, EL ADMINISTRADOR se compromete a solicitar el consentimiento del usuario al tratamiento de su correo electr\u00f3nico con fines comerciales en todo momento, e informar\u00e1 la plataforma utilizada para la gesti\u00f3n del <i>email marketing.<\/i><\/p>\t\t\t\t\t\t\t\t<\/div>\n\t\t\t\t<\/div>\n\t\t\t\t<\/div>\n\t\t\t\t<\/div>\n\t\t\t\t<\/div>\n\t\t","protected":false},"excerpt":{"rendered":"<p>Pol\u00edtica de privacidad EL ADMINISTRADOR en todo momento velar\u00e1 que el uso que se le da al sitio web, a los contenidos, y al tratamiento de los datos personales del usuario, se realicen de la forma m\u00e1s correcta. Para ello, el usuario siempre podr\u00e1 ejercer sus derechos de acceso, rectificaci\u00f3n, cancelaci\u00f3n u oposici\u00f3n, todo ello [&hellip;]<\/p>\n","protected":false},"author":1,"featured_media":0,"parent":0,"menu_order":0,"comment_status":"closed","ping_status":"closed","template":"elementor_canvas","meta":{"footnotes":""},"class_list":["post-85","page","type-page","status-publish","hentry"],"_links":{"self":[{"href":"https:\/\/virginiablancopsicologia.com\/index.php?rest_route=\/wp\/v2\/pages\/85","targetHints":{"allow":["GET"]}}],"collection":[{"href":"https:\/\/virginiablancopsicologia.com\/index.php?rest_route=\/wp\/v2\/pages"}],"about":[{"href":"https:\/\/virginiablancopsicologia.com\/index.php?rest_route=\/wp\/v2\/types\/page"}],"author":[{"embeddable":true,"href":"https:\/\/virginiablancopsicologia.com\/index.php?rest_route=\/wp\/v2\/users\/1"}],"replies":[{"embeddable":true,"href":"https:\/\/virginiablancopsicologia.com\/index.php?rest_route=%2Fwp%2Fv2%2Fcomments&post=85"}],"version-history":[{"count":5,"href":"https:\/\/virginiablancopsicologia.com\/index.php?rest_route=\/wp\/v2\/pages\/85\/revisions"}],"predecessor-version":[{"id":124,"href":"https:\/\/virginiablancopsicologia.com\/index.php?rest_route=\/wp\/v2\/pages\/85\/revisions\/124"}],"wp:attachment":[{"href":"https:\/\/virginiablancopsicologia.com\/index.php?rest_route=%2Fwp%2Fv2%2Fmedia&parent=85"}],"curies":[{"name":"wp","href":"https:\/\/api.w.org\/{rel}","templated":true}]}}